{"id":946,"date":"2020-01-13T11:17:52","date_gmt":"2020-01-13T11:17:52","guid":{"rendered":"https:\/\/demosites.io\/marketing-agency-gb\/?page_id=5"},"modified":"2025-03-08T11:46:38","modified_gmt":"2025-03-08T08:46:38","slug":"bcd31-home","status":"publish","type":"page","link":"https:\/\/www.btdentallab.com.tr\/","title":{"rendered":"Ana Sayfa"},"content":{"rendered":"\n<div class=\"wp-block-cover alignfull is-light\" style=\"min-height:485px;aspect-ratio:unset;\"><span aria-hidden=\"true\" class=\"wp-block-cover__background has-background-dim-0 has-background-dim\"><\/span><div class=\"wp-block-cover__inner-container is-layout-flow wp-block-cover-is-layout-flow\">\n<div class=\"wp-block-group\"><div class=\"wp-block-group__inner-container is-layout-constrained wp-block-group-is-layout-constrained\">\n<div class=\"wp-block-columns alignfull are-vertically-aligned-center is-layout-flex wp-container-core-columns-is-layout-9d6595d7 wp-block-columns-is-layout-flex\">\n<div class=\"wp-block-column is-vertically-aligned-center is-layout-flow wp-block-column-is-layout-flow\">\n<div id=\"wp-block-themeisle-blocks-slider-549cf4c8\" class=\"wp-block-themeisle-blocks-slider glide\" data-per-view=\"1\" data-gap=\"0\" data-peek=\"0\" data-autoplay=\"false\" data-height=\"\" data-hide-arrows=\"true\" data-transition=\"linear\"><div class=\"glide__track\" data-glide-el=\"track\"><div class=\"glide__slides\"><div class=\"wp-block-themeisle-blocks-slider-item-wrapper glide__slide\" tabindex=\"0\"><figure><img decoding=\"async\" class=\"wp-block-themeisle-blocks-slider-item\" src=\"https:\/\/www.btdentallab.com.tr\/wp-content\/uploads\/2025\/03\/BT-1-png.webp\" alt=\"\" title=\"\" data-id=\"1155\"\/><\/figure><\/div><\/div><\/div><\/div>\n<\/div>\n<\/div>\n<\/div><\/div>\n<\/div><\/div>\n\n\n\n<div style=\"height:14px\" aria-hidden=\"true\" class=\"wp-block-spacer\"><\/div>\n\n\n\n<div id=\"wp-block-themeisle-blocks-advanced-columns-1055d75f\" class=\"wp-block-themeisle-blocks-advanced-columns has-1-columns has-desktop-equal-layout has-tablet-equal-layout has-mobile-equal-layout has-vertical-unset\"><div class=\"wp-block-themeisle-blocks-advanced-columns-overlay\"><\/div><div class=\"innerblocks-wrap\">\n<div id=\"wp-block-themeisle-blocks-advanced-column-3d73e3b0\" class=\"wp-block-themeisle-blocks-advanced-column\">\n<h2 class=\"wp-block-heading has-text-align-center\"><strong><strong>Bilal Tecer Dental Lab<\/strong><\/strong><\/h2>\n\n\n\n<h2 class=\"wp-block-heading has-text-align-center\"><strong>  Manavgat\u2019\u0131n \u00d6nc\u00fc ve G\u00fcvenilir Di\u015f Laboratuvar\u0131<\/strong><\/h2>\n\n\n\n<hr class=\"wp-block-separator has-alpha-channel-opacity\"\/>\n\n\n\n<p>BT Dental Lab, di\u015f hekimlerinden gelen protez taleplerini en y\u00fcksek kalite standartlar\u0131nda kar\u015f\u0131layan, Manavgat\u2019\u0131n ilk ve en k\u00f6kl\u00fc di\u015f laboratuvarlar\u0131ndan biridir. Uzman ekibimiz ve modern teknik altyap\u0131m\u0131z ile \u00f6l\u00e7\u00fcleri al\u0131nm\u0131\u015f di\u015flerin haz\u0131rlanmas\u0131ndan zirkonyum kaplamalar\u0131n \u00fcretimine, implant di\u015f yap\u0131m\u0131ndan \u00e7e\u015fitli protez \u00e7\u00f6z\u00fcmlerine kadar geni\u015f bir hizmet yelpazesi sunuyoruz.<\/p>\n\n\n\n<p>Sekt\u00f6rdeki g\u00fc\u00e7l\u00fc konumumuz ve y\u0131llara dayanan deneyimimizle, di\u015f hekimleri i\u00e7in g\u00fcvenilir bir i\u015f orta\u011f\u0131 olmaktan gurur duyuyoruz. Kalite ve hassasiyeti \u00f6n planda tutarak, hasta memnuniyetini en \u00fcst seviyeye \u00e7\u0131karan konforlu, estetik ve dayan\u0131kl\u0131 di\u015f protezleri \u00fcretiyoruz.<\/p>\n\n\n\n<h3 class=\"wp-block-heading has-text-align-center\"><strong>BT Dental Lab \u2013 G\u00fcven, Kalite ve Hassasiyetin Adresi!<\/strong><\/h3>\n\n\n\n<hr class=\"wp-block-separator has-alpha-channel-opacity\"\/>\n<\/div>\n<\/div><\/div>\n\n\n\n<div id=\"wp-block-themeisle-blocks-advanced-columns-2926747e\" class=\"wp-block-themeisle-blocks-advanced-columns has-1-columns has-desktop-equal-layout has-tablet-equal-layout has-mobile-equal-layout has-vertical-unset\"><div class=\"wp-block-themeisle-blocks-advanced-columns-overlay\"><\/div><div class=\"innerblocks-wrap\">\n<div id=\"wp-block-themeisle-blocks-advanced-column-116ec453\" class=\"wp-block-themeisle-blocks-advanced-column\"><div class=\"wp-block-image is-style-default\">\n<figure class=\"aligncenter size-full is-resized has-custom-border\"><img data-dominant-color=\"544c43\" data-has-transparency=\"false\" loading=\"lazy\" decoding=\"async\" width=\"1100\" height=\"360\" sizes=\"auto, (max-width: 1100px) 100vw, 1100px\" src=\"https:\/\/www.btdentallab.com.tr\/wp-content\/uploads\/2025\/03\/BT-Dental-Banner-png.webp\" alt=\"\" class=\"wp-image-1103 not-transparent\" style=\"--dominant-color: #544c43; border-radius:42px;width:1170px;height:auto\" srcset=\"https:\/\/www.btdentallab.com.tr\/wp-content\/uploads\/2025\/03\/BT-Dental-Banner-png.webp 1100w, https:\/\/www.btdentallab.com.tr\/wp-content\/uploads\/2025\/03\/BT-Dental-Banner-300x98.webp 300w, https:\/\/www.btdentallab.com.tr\/wp-content\/uploads\/2025\/03\/BT-Dental-Banner-1024x335.webp 1024w, https:\/\/www.btdentallab.com.tr\/wp-content\/uploads\/2025\/03\/BT-Dental-Banner-768x251.webp 768w\" \/><\/figure>\n<\/div><\/div>\n<\/div><\/div>\n\n\n\n<div class=\"wp-block-cover alignfull\" style=\"padding-top:var(--wp--preset--spacing--80);padding-bottom:var(--wp--preset--spacing--80);min-height:300px;aspect-ratio:unset;\"><span aria-hidden=\"true\" class=\"wp-block-cover__background has-neve-link-color-background-color has-background-dim-100 has-background-dim\"><\/span><div class=\"wp-block-cover__inner-container is-layout-flow wp-block-cover-is-layout-flow\">\n<div class=\"wp-block-columns is-layout-flex wp-container-core-columns-is-layout-9d6595d7 wp-block-columns-is-layout-flex\">\n<div class=\"wp-block-column is-layout-flow wp-block-column-is-layout-flow\" style=\"flex-basis:20%\"><\/div>\n\n\n\n<div class=\"wp-block-column is-layout-flow wp-block-column-is-layout-flow\" style=\"flex-basis:60%\">\n<div class=\"wp-block-group\"><div class=\"wp-block-group__inner-container is-layout-constrained wp-block-group-is-layout-constrained\">\n<h2 class=\"wp-block-heading has-text-align-center has-nv-text-dark-bg-color has-text-color\">Detayl\u0131 Bilgi \u0130\u00e7in \u0130leti\u015fime Ge\u00e7ebilirsiniz.<\/h2>\n\n\n\n<div class=\"wp-block-buttons is-horizontal is-content-justification-center is-layout-flex wp-container-core-buttons-is-layout-499968f5 wp-block-buttons-is-layout-flex\">\n<div class=\"wp-block-button is-style-primary\"><a class=\"wp-block-button__link has-neve-link-color-color has-text-color has-background has-link-color wp-element-button\" href=\"https:\/\/www.btdentallab.com.tr\/index.php\/bcd31-contact-us\/\" style=\"background-color:#ffffff\" target=\"_blank\" rel=\"noreferrer noopener\">\u0130leti\u015fim<\/a><\/div>\n<\/div>\n<\/div><\/div>\n<\/div>\n\n\n\n<div class=\"wp-block-column is-layout-flow wp-block-column-is-layout-flow\" style=\"flex-basis:20%\"><\/div>\n<\/div>\n<\/div><\/div>\n","protected":false},"excerpt":{"rendered":"","protected":false},"author":1,"featured_media":0,"parent":0,"menu_order":0,"comment_status":"closed","ping_status":"closed","template":"","meta":{"neve_meta_sidebar":"default","neve_meta_container":"default","neve_meta_enable_content_width":"on","neve_meta_content_width":100,"neve_meta_title_alignment":"","neve_meta_author_avatar":"","neve_post_elements_order":"","neve_meta_disable_header":"","neve_meta_disable_footer":"","neve_meta_disable_title":"on","_themeisle_gutenberg_block_has_review":false,"_joinchat":[],"footnotes":""},"class_list":["post-946","page","type-page","status-publish","hentry"],"_links":{"self":[{"href":"https:\/\/www.btdentallab.com.tr\/index.php\/wp-json\/wp\/v2\/pages\/946","targetHints":{"allow":["GET"]}}],"collection":[{"href":"https:\/\/www.btdentallab.com.tr\/index.php\/wp-json\/wp\/v2\/pages"}],"about":[{"href":"https:\/\/www.btdentallab.com.tr\/index.php\/wp-json\/wp\/v2\/types\/page"}],"author":[{"embeddable":true,"href":"https:\/\/www.btdentallab.com.tr\/index.php\/wp-json\/wp\/v2\/users\/1"}],"replies":[{"embeddable":true,"href":"https:\/\/www.btdentallab.com.tr\/index.php\/wp-json\/wp\/v2\/comments?post=946"}],"version-history":[{"count":35,"href":"https:\/\/www.btdentallab.com.tr\/index.php\/wp-json\/wp\/v2\/pages\/946\/revisions"}],"predecessor-version":[{"id":1159,"href":"https:\/\/www.btdentallab.com.tr\/index.php\/wp-json\/wp\/v2\/pages\/946\/revisions\/1159"}],"wp:attachment":[{"href":"https:\/\/www.btdentallab.com.tr\/index.php\/wp-json\/wp\/v2\/media?parent=946"}],"curies":[{"name":"wp","href":"https:\/\/api.w.org\/{rel}","templated":true}]}}