{"id":71,"date":"2020-01-27T08:15:05","date_gmt":"2020-01-27T08:15:05","guid":{"rendered":"https:\/\/demosites.io\/marketing-agency-gb\/?page_id=71"},"modified":"2025-03-08T10:40:37","modified_gmt":"2025-03-08T07:40:37","slug":"bcd31-portfolio-single","status":"publish","type":"page","link":"https:\/\/www.btdentallab.com.tr\/index.php\/bcd31-portfolio-single\/","title":{"rendered":"\u00dcr\u00fcnlerimiz"},"content":{"rendered":"\n<div class=\"wp-block-cover alignfull\" style=\"min-height:320px;aspect-ratio:unset;\"><span aria-hidden=\"true\" class=\"wp-block-cover__background has-nv-site-bg-background-color has-background-dim-100 has-background-dim\"><\/span><div class=\"wp-block-cover__inner-container is-layout-flow wp-block-cover-is-layout-flow\">\n<div class=\"wp-block-group\" style=\"padding-right:var(--wp--preset--spacing--30);padding-left:var(--wp--preset--spacing--30)\"><div class=\"wp-block-group__inner-container is-layout-flow wp-block-group-is-layout-flow\">\n<div class=\"wp-block-columns are-vertically-aligned-center is-layout-flex wp-container-core-columns-is-layout-9d6595d7 wp-block-columns-is-layout-flex\">\n<div class=\"wp-block-column is-vertically-aligned-center is-layout-flow wp-block-column-is-layout-flow\">\n<h2 class=\"wp-block-heading alignwide has-text-align-center has-nv-dark-bg-color has-text-color has-link-color wp-elements-6661e566cb568961fe37a7accfcd2539\">\u00dcR\u00dcNLER\u0130M\u0130Z<\/h2>\n<\/div>\n<\/div>\n<\/div><\/div>\n<\/div><\/div>\n\n\n\n<div id=\"wp-block-themeisle-blocks-slider-a2f1a652\" class=\"wp-block-themeisle-blocks-slider glide\" data-per-view=\"1\" data-gap=\"0\" data-peek=\"0\" data-autoplay=\"false\" data-height=\"%\" data-hide-arrows=\"false\"><div class=\"glide__track\" data-glide-el=\"track\"><div class=\"glide__slides\"><div class=\"wp-block-themeisle-blocks-slider-item-wrapper glide__slide\" tabindex=\"0\"><figure><img decoding=\"async\" class=\"wp-block-themeisle-blocks-slider-item\" src=\"https:\/\/www.btdentallab.com.tr\/wp-content\/uploads\/2025\/02\/Zirkonyum.png\" alt=\"\" title=\"\" data-id=\"990\"\/><\/figure><\/div><div class=\"wp-block-themeisle-blocks-slider-item-wrapper glide__slide\" tabindex=\"0\"><figure><img decoding=\"async\" class=\"wp-block-themeisle-blocks-slider-item\" src=\"https:\/\/www.btdentallab.com.tr\/wp-content\/uploads\/2025\/02\/metal-des-porselen-1.png\" alt=\"\" title=\"\" data-id=\"993\"\/><\/figure><\/div><div class=\"wp-block-themeisle-blocks-slider-item-wrapper glide__slide\" tabindex=\"0\"><figure><img decoding=\"async\" class=\"wp-block-themeisle-blocks-slider-item\" src=\"https:\/\/www.btdentallab.com.tr\/wp-content\/uploads\/2025\/02\/metal-des-porselen.png\" alt=\"\" title=\"\" data-id=\"992\"\/><\/figure><\/div><div class=\"wp-block-themeisle-blocks-slider-item-wrapper glide__slide\" tabindex=\"0\"><figure><img decoding=\"async\" class=\"wp-block-themeisle-blocks-slider-item\" src=\"https:\/\/www.btdentallab.com.tr\/wp-content\/uploads\/2025\/02\/empress-e-max-kron.png\" alt=\"\" title=\"\" data-id=\"991\"\/><\/figure><\/div><div class=\"wp-block-themeisle-blocks-slider-item-wrapper glide__slide\" tabindex=\"0\"><figure><img decoding=\"async\" class=\"wp-block-themeisle-blocks-slider-item\" src=\"https:\/\/www.btdentallab.com.tr\/wp-content\/uploads\/2025\/02\/metal-des-porselen-2.png\" alt=\"\" title=\"\" data-id=\"996\"\/><\/figure><\/div><div class=\"wp-block-themeisle-blocks-slider-item-wrapper glide__slide\" tabindex=\"0\"><figure><img decoding=\"async\" class=\"wp-block-themeisle-blocks-slider-item\" src=\"https:\/\/www.btdentallab.com.tr\/wp-content\/uploads\/2025\/02\/metal-des-porselen-3.png\" alt=\"\" title=\"\" data-id=\"997\"\/><\/figure><\/div><div class=\"wp-block-themeisle-blocks-slider-item-wrapper glide__slide\" tabindex=\"0\"><figure><img decoding=\"async\" class=\"wp-block-themeisle-blocks-slider-item\" src=\"https:\/\/www.btdentallab.com.tr\/wp-content\/uploads\/2025\/02\/Cad-Cam-Gecic.png\" alt=\"\" title=\"\" data-id=\"998\"\/><\/figure><\/div><div class=\"wp-block-themeisle-blocks-slider-item-wrapper glide__slide\" tabindex=\"0\"><figure><img decoding=\"async\" class=\"wp-block-themeisle-blocks-slider-item\" src=\"https:\/\/www.btdentallab.com.tr\/wp-content\/uploads\/2025\/02\/Onley-Inley.png\" alt=\"\" title=\"\" data-id=\"999\"\/><\/figure><\/div><div class=\"wp-block-themeisle-blocks-slider-item-wrapper glide__slide\" tabindex=\"0\"><figure><img decoding=\"async\" class=\"wp-block-themeisle-blocks-slider-item\" src=\"https:\/\/www.btdentallab.com.tr\/wp-content\/uploads\/2025\/02\/Wax-Up-calismasi-1.png\" alt=\"\" title=\"\" data-id=\"1001\"\/><\/figure><\/div><div class=\"wp-block-themeisle-blocks-slider-item-wrapper glide__slide\" tabindex=\"0\"><figure><img decoding=\"async\" class=\"wp-block-themeisle-blocks-slider-item\" src=\"https:\/\/www.btdentallab.com.tr\/wp-content\/uploads\/2025\/02\/Gece-Palgi.png\" alt=\"\" title=\"\" data-id=\"1003\"\/><\/figure><\/div><\/div><\/div><\/div>\n\n\n\n<div id=\"wp-block-themeisle-blocks-advanced-columns-dc3fbda6\" class=\"wp-block-themeisle-blocks-advanced-columns has-2-columns has-desktop-equal-layout has-tablet-equal-layout has-mobile-collapsedRows-layout has-vertical-unset\"><div class=\"wp-block-themeisle-blocks-advanced-columns-overlay\"><\/div><div class=\"innerblocks-wrap\">\n<div id=\"wp-block-themeisle-blocks-advanced-column-7e941305\" class=\"wp-block-themeisle-blocks-advanced-column\"><div class=\"wp-block-image\">\n<figure class=\"aligncenter size-full\"><img loading=\"lazy\" decoding=\"async\" width=\"750\" height=\"250\" sizes=\"auto, (max-width: 750px) 100vw, 750px\" src=\"https:\/\/www.btdentallab.com.tr\/wp-content\/uploads\/2025\/02\/Zirkonyum.png\" alt=\"\" class=\"wp-image-990\" srcset=\"https:\/\/www.btdentallab.com.tr\/wp-content\/uploads\/2025\/02\/Zirkonyum.png 750w, https:\/\/www.btdentallab.com.tr\/wp-content\/uploads\/2025\/02\/Zirkonyum-300x100.png 300w\" \/><figcaption class=\"wp-element-caption\"><br><strong>E-MAX<br><\/strong>CAD-CAM; di\u015f hekimli\u011finde uygulanan&nbsp;E-Max di\u015f protezi<br>restorasyonlar\u0131n\u0131n imalat\u0131n\u0131 geli\u015ftirmek i\u00e7in bilgisayar destekli tasar\u0131m ve \u00fcretim sistemlerini kullanan bir teknolojidir<\/figcaption><\/figure>\n<\/div><\/div>\n\n\n\n<div id=\"wp-block-themeisle-blocks-advanced-column-a324d864\" class=\"wp-block-themeisle-blocks-advanced-column\"><div class=\"wp-block-image\">\n<figure class=\"aligncenter size-full\"><img loading=\"lazy\" decoding=\"async\" width=\"750\" height=\"250\" sizes=\"auto, (max-width: 750px) 100vw, 750px\" src=\"https:\/\/www.btdentallab.com.tr\/wp-content\/uploads\/2025\/02\/empress-e-max-kron.png\" alt=\"\" class=\"wp-image-991\" srcset=\"https:\/\/www.btdentallab.com.tr\/wp-content\/uploads\/2025\/02\/empress-e-max-kron.png 750w, https:\/\/www.btdentallab.com.tr\/wp-content\/uploads\/2025\/02\/empress-e-max-kron-300x100.png 300w\" \/><\/figure>\n<\/div>\n\n\n<p class=\"has-text-align-center\"><strong>Empress E-max Kron<\/strong><\/p>\n\n\n\n<p class=\"has-text-align-center\">Empress E-Max Nedir? Empress E-Max kaplama,&nbsp;<strong>lityum disilikat cam seramikten \u00fcretilen, estetik ve do\u011fal g\u00f6r\u00fcn\u00fcm\u00fc ile \u00f6ne \u00e7\u0131kan bir di\u015f kaplama t\u00fcr\u00fcd\u00fcr<\/strong>. Di\u015flerin yap\u0131sal bozukluklar\u0131n\u0131, renk de\u011fi\u015fimlerini, k\u0131r\u0131klar\u0131 ve \u00e7atlaklar\u0131 kapatmak i\u00e7in en ideal \u00e7\u00f6z\u00fcmlerden biri olarak kabul edilir.<\/p>\n<\/div>\n<\/div><\/div>\n\n\n\n<div style=\"height:80px\" aria-hidden=\"true\" class=\"wp-block-spacer\"><\/div>\n\n\n\n<div id=\"wp-block-themeisle-blocks-advanced-columns-dcd16216\" class=\"wp-block-themeisle-blocks-advanced-columns has-2-columns has-desktop-equal-layout has-tablet-equal-layout has-mobile-collapsedRows-layout has-vertical-unset\"><div class=\"wp-block-themeisle-blocks-advanced-columns-overlay\"><\/div><div class=\"innerblocks-wrap\">\n<div id=\"wp-block-themeisle-blocks-advanced-column-d2a6632b\" class=\"wp-block-themeisle-blocks-advanced-column\"><div class=\"wp-block-image\">\n<figure class=\"aligncenter size-full\"><img loading=\"lazy\" decoding=\"async\" width=\"750\" height=\"250\" sizes=\"auto, (max-width: 750px) 100vw, 750px\" src=\"https:\/\/www.btdentallab.com.tr\/wp-content\/uploads\/2025\/02\/metal-des-porselen.png\" alt=\"\" class=\"wp-image-992\" srcset=\"https:\/\/www.btdentallab.com.tr\/wp-content\/uploads\/2025\/02\/metal-des-porselen.png 750w, https:\/\/www.btdentallab.com.tr\/wp-content\/uploads\/2025\/02\/metal-des-porselen-300x100.png 300w\" \/><figcaption class=\"wp-element-caption\"><br><strong><strong>Metal Destekli Porselen<\/strong><\/strong><br>Eski porselen di\u015f kaplamalar\u0131n\u0131n baz\u0131lar\u0131 metal i\u00e7erebilir. Bu t\u00fcr kaplamalar, metal destekli porselen (MSP) olarak bilinir ve&nbsp;<strong>di\u015flerin estetik ve dayan\u0131kl\u0131l\u0131\u011f\u0131n\u0131 art\u0131rmak i\u00e7in kullan\u0131l\u0131r<\/strong>. MSP kaplamalar\u0131nda, porselenin \u00fczerine metal alt yap\u0131 eklenir ve bu alt yap\u0131 di\u015fe daha fazla dayan\u0131kl\u0131l\u0131k kazand\u0131r\u0131r.<\/figcaption><\/figure>\n<\/div><\/div>\n\n\n\n<div id=\"wp-block-themeisle-blocks-advanced-column-894f11c0\" class=\"wp-block-themeisle-blocks-advanced-column\"><div class=\"wp-block-image\">\n<figure class=\"aligncenter size-full\"><img loading=\"lazy\" decoding=\"async\" width=\"750\" height=\"250\" sizes=\"auto, (max-width: 750px) 100vw, 750px\" src=\"https:\/\/www.btdentallab.com.tr\/wp-content\/uploads\/2025\/02\/metal-des-porselen-1.png\" alt=\"\" class=\"wp-image-993\" srcset=\"https:\/\/www.btdentallab.com.tr\/wp-content\/uploads\/2025\/02\/metal-des-porselen-1.png 750w, https:\/\/www.btdentallab.com.tr\/wp-content\/uploads\/2025\/02\/metal-des-porselen-1-300x100.png 300w\" \/><\/figure>\n<\/div>\n\n\n<p class=\"has-text-align-center\"><strong><strong>Lamina Empress<\/strong><\/strong><\/p>\n\n\n\n<p class=\"has-text-align-center\">Empress kaplamalar&nbsp;<strong>herhangi bir metal madde kullan\u0131lmadan, seramil par\u00e7a \u00fczerine cam seramik konularak peki\u015ftirilmesi ile dayan\u0131kl\u0131l\u0131k oran\u0131 daha da artt\u0131r\u0131lm\u0131\u015f porselen t\u00fcrleridir<\/strong>. \u0130\u00e7erik yap\u0131s\u0131 seramikten olu\u015fmaktad\u0131r. Bu t\u00fcrlere porselen di\u015flerde diyebiliriz. Bu kaplama t\u00fcr\u00fc \u0131\u015f\u0131\u011f\u0131 olduk\u00e7a iyi ge\u00e7irmesi ile bilinir<\/p>\n<\/div>\n<\/div><\/div>\n\n\n\n<div style=\"height:60px\" aria-hidden=\"true\" class=\"wp-block-spacer\"><\/div>\n\n\n\n<div id=\"wp-block-themeisle-blocks-advanced-columns-e8ab5f90\" class=\"wp-block-themeisle-blocks-advanced-columns has-2-columns has-desktop-equal-layout has-tablet-equal-layout has-mobile-collapsedRows-layout has-vertical-unset\"><div class=\"wp-block-themeisle-blocks-advanced-columns-overlay\"><\/div><div class=\"innerblocks-wrap\">\n<div id=\"wp-block-themeisle-blocks-advanced-column-2a31a275\" class=\"wp-block-themeisle-blocks-advanced-column\"><div class=\"wp-block-image\">\n<figure class=\"aligncenter size-full\"><img loading=\"lazy\" decoding=\"async\" width=\"750\" height=\"250\" sizes=\"auto, (max-width: 750px) 100vw, 750px\" src=\"https:\/\/www.btdentallab.com.tr\/wp-content\/uploads\/2025\/02\/metal-des-porselen-2.png\" alt=\"\" class=\"wp-image-996\" srcset=\"https:\/\/www.btdentallab.com.tr\/wp-content\/uploads\/2025\/02\/metal-des-porselen-2.png 750w, https:\/\/www.btdentallab.com.tr\/wp-content\/uploads\/2025\/02\/metal-des-porselen-2-300x100.png 300w\" \/><figcaption class=\"wp-element-caption\"><br><strong>Monolitik Zirkonyum<\/strong><br><br><strong>Zirkonyum<\/strong>&nbsp;malzemesinden hi\u00e7bir porselen ve metal deste\u011fine gerek kalmadan tek par\u00e7a \u00fcretilen&nbsp;<strong>monolitik zirkonyum<\/strong>, estetik g\u00f6r\u00fcn\u00fcm\u00fcn\u00fcn yan\u0131 s\u0131ra ayn\u0131 zamanda \u00e7i\u011fneme gibi i\u015flevlere kar\u015f\u0131 dahi y\u00fcksek dayan\u0131kl\u0131l\u0131k g\u00f6sterdi\u011finden olduk\u00e7a kullan\u0131\u015fl\u0131 dental restorasyon tedavi y\u00f6ntemidir.<\/figcaption><\/figure>\n<\/div><\/div>\n\n\n\n<div id=\"wp-block-themeisle-blocks-advanced-column-1529dcff\" class=\"wp-block-themeisle-blocks-advanced-column\"><div class=\"wp-block-image\">\n<figure class=\"aligncenter size-full\"><img loading=\"lazy\" decoding=\"async\" width=\"750\" height=\"250\" sizes=\"auto, (max-width: 750px) 100vw, 750px\" src=\"https:\/\/www.btdentallab.com.tr\/wp-content\/uploads\/2025\/02\/metal-des-porselen-3.png\" alt=\"\" class=\"wp-image-997\" srcset=\"https:\/\/www.btdentallab.com.tr\/wp-content\/uploads\/2025\/02\/metal-des-porselen-3.png 750w, https:\/\/www.btdentallab.com.tr\/wp-content\/uploads\/2025\/02\/metal-des-porselen-3-300x100.png 300w\" \/><\/figure>\n<\/div>\n\n\n<p class=\"has-text-align-center\"><strong><strong><strong>Ge\u00e7ici Di\u015f<\/strong><\/strong><\/strong><\/p>\n\n\n\n<p class=\"has-text-align-center\">GE\u00c7\u0130C\u0130 KISM\u0130 PROTEZ D\u0130\u015e NED\u0130R? \u00c7\u00fcr\u00fck veya di\u015f eti hastal\u0131\u011f\u0131 nedeniyle di\u015flerinizi \u00e7ektirdiyseniz ve kal\u0131c\u0131 protez di\u015f takt\u0131racaksan\u0131z di\u015f hekiminiz ge\u00e7ici veya \u201cacil\u201d protez di\u015f takmay\u0131 \u00f6nerebilir. Bunlar,&nbsp;<strong>di\u015finizi \u00e7ektirdikten hemen sonraki ilk iki ila \u00fc\u00e7 ay boyunca kullanabilece\u011finiz protez di\u015flerdir<\/strong>.<\/p>\n<\/div>\n<\/div><\/div>\n\n\n\n<div style=\"height:19px\" aria-hidden=\"true\" class=\"wp-block-spacer\"><\/div>\n\n\n\n<div id=\"wp-block-themeisle-blocks-advanced-columns-f63d033e\" class=\"wp-block-themeisle-blocks-advanced-columns has-2-columns has-desktop-equal-layout has-tablet-equal-layout has-mobile-collapsedRows-layout has-vertical-unset\"><div class=\"wp-block-themeisle-blocks-advanced-columns-overlay\"><\/div><div class=\"innerblocks-wrap\">\n<div id=\"wp-block-themeisle-blocks-advanced-column-ab889d5e\" class=\"wp-block-themeisle-blocks-advanced-column\"><div class=\"wp-block-image\">\n<figure class=\"aligncenter size-full\"><img loading=\"lazy\" decoding=\"async\" width=\"750\" height=\"250\" sizes=\"auto, (max-width: 750px) 100vw, 750px\" src=\"https:\/\/www.btdentallab.com.tr\/wp-content\/uploads\/2025\/02\/Cad-Cam-Gecic.png\" alt=\"\" class=\"wp-image-998\" srcset=\"https:\/\/www.btdentallab.com.tr\/wp-content\/uploads\/2025\/02\/Cad-Cam-Gecic.png 750w, https:\/\/www.btdentallab.com.tr\/wp-content\/uploads\/2025\/02\/Cad-Cam-Gecic-300x100.png 300w\" \/><figcaption class=\"wp-element-caption\"><br><strong>Cad &#8211; Cam Ge\u00e7ic<\/strong>i<br><br>Hekimden gelen \u00f6l\u00e7\u00fc \u00fczerine 3d yaz\u0131l\u0131mlar (exocad veya 3shape) ile estetik modelasyonu ger\u00e7ekle\u015ftirilir pmmablokdancad cam sistemde kaz\u0131mas\u0131 yap\u0131lan ge\u00e7ici kronlard\u0131r.<\/figcaption><\/figure>\n<\/div><\/div>\n\n\n\n<div id=\"wp-block-themeisle-blocks-advanced-column-8c391305\" class=\"wp-block-themeisle-blocks-advanced-column\"><div class=\"wp-block-image\">\n<figure class=\"aligncenter size-full\"><img loading=\"lazy\" decoding=\"async\" width=\"750\" height=\"250\" sizes=\"auto, (max-width: 750px) 100vw, 750px\" src=\"https:\/\/www.btdentallab.com.tr\/wp-content\/uploads\/2025\/02\/Onley-Inley.png\" alt=\"\" class=\"wp-image-999\" srcset=\"https:\/\/www.btdentallab.com.tr\/wp-content\/uploads\/2025\/02\/Onley-Inley.png 750w, https:\/\/www.btdentallab.com.tr\/wp-content\/uploads\/2025\/02\/Onley-Inley-300x100.png 300w\" \/><\/figure>\n<\/div>\n\n\n<p class=\"has-text-align-center\"><strong><strong><strong><strong>Onley &#8211; Inley<\/strong><\/strong><\/strong><\/strong><\/p>\n\n\n\n<p class=\"has-text-align-center\">\u0130nley \u2013 onley porselen dolgular,&nbsp;<strong>ileri seviyedeki di\u015f \u00e7\u00fcr\u00fcklerinde alternatif tedavi y\u00f6ntemi olarak kullan\u0131l\u0131r<\/strong>. Laboratuvar ortam\u0131nda \u00f6zel olarak \u00fcretilen inlay onley porselen dolgular \u00e7\u00fcr\u00fckleri ar\u0131nd\u0131r\u0131lm\u0131\u015f b\u00f6lgeye uygulan\u0131r, anatomik olarak di\u015f yap\u0131s\u0131yla m\u00fckemmele yak\u0131n bir uyum sa\u011flar.<\/p>\n<\/div>\n<\/div><\/div>\n\n\n\n<div style=\"height:40px\" aria-hidden=\"true\" class=\"wp-block-spacer\"><\/div>\n\n\n\n<div id=\"wp-block-themeisle-blocks-advanced-columns-8658ac5b\" class=\"wp-block-themeisle-blocks-advanced-columns has-2-columns has-desktop-equal-layout has-tablet-equal-layout has-mobile-collapsedRows-layout has-vertical-unset\"><div class=\"wp-block-themeisle-blocks-advanced-columns-overlay\"><\/div><div class=\"innerblocks-wrap\">\n<div id=\"wp-block-themeisle-blocks-advanced-column-8d576767\" class=\"wp-block-themeisle-blocks-advanced-column\"><div class=\"wp-block-image\">\n<figure class=\"aligncenter size-full\"><img loading=\"lazy\" decoding=\"async\" width=\"750\" height=\"250\" sizes=\"auto, (max-width: 750px) 100vw, 750px\" src=\"https:\/\/www.btdentallab.com.tr\/wp-content\/uploads\/2025\/02\/Wax-Up-calismasi-1.png\" alt=\"\" class=\"wp-image-1001\" srcset=\"https:\/\/www.btdentallab.com.tr\/wp-content\/uploads\/2025\/02\/Wax-Up-calismasi-1.png 750w, https:\/\/www.btdentallab.com.tr\/wp-content\/uploads\/2025\/02\/Wax-Up-calismasi-1-300x100.png 300w\" \/><figcaption class=\"wp-element-caption\"><br><strong>Wax &#8211; Up \u00c7al\u0131\u015fmas\u0131<\/strong><br><br><strong>G\u00fcl\u00fc\u015f tasar\u0131m\u0131 i\u00e7in haz\u0131rl\u0131k a\u015famas\u0131nda tasar\u0131m\u0131n beyaz mumla yap\u0131lan bu modeline Wax-up denir<\/strong>. Yani bu uygulama sayesinde di\u015flere yap\u0131lacak olan restorasyonlar\u0131n, \u00f6n tasar\u0131m\u0131 olu\u015fturulur. Bu sayede hastan\u0131n g\u00fcl\u00fc\u015f tasar\u0131m\u0131 beklentileri \u00e7evresinde \u015fekillenir.<\/figcaption><\/figure>\n<\/div><\/div>\n\n\n\n<div id=\"wp-block-themeisle-blocks-advanced-column-ba3ba82f\" class=\"wp-block-themeisle-blocks-advanced-column\"><div class=\"wp-block-image\">\n<figure class=\"aligncenter size-full\"><img loading=\"lazy\" decoding=\"async\" width=\"750\" height=\"250\" sizes=\"auto, (max-width: 750px) 100vw, 750px\" src=\"https:\/\/www.btdentallab.com.tr\/wp-content\/uploads\/2025\/02\/Gece-Palgi.png\" alt=\"\" class=\"wp-image-1003\" srcset=\"https:\/\/www.btdentallab.com.tr\/wp-content\/uploads\/2025\/02\/Gece-Palgi.png 750w, https:\/\/www.btdentallab.com.tr\/wp-content\/uploads\/2025\/02\/Gece-Palgi-300x100.png 300w\" \/><\/figure>\n<\/div>\n\n\n<p class=\"has-text-align-center\"><strong><strong><strong><strong><strong>Gece Pla\u011f\u0131<\/strong> \/ Okluzal Splint<\/strong><\/strong><\/strong><\/strong><\/p>\n\n\n\n<p class=\"has-text-align-center\">Bazen \u0131s\u0131rma ve \u00e7i\u011fneme s\u0131ras\u0131nda \u00fcst ve alt di\u015flerin bir araya gelme \u015fekli ile ilgili sorunlar meydana gelebilir. Bu gibi durumlar\u0131 ele almak amac\u0131yla tasarlanan cihaza gece pla\u011f\u0131 veya di\u011fer ad\u0131yla okl\u00fczal splint denir. Bu plak&nbsp;<strong>di\u015flerin kenetlenmesini \u00f6nleyen sert bir malzemeden yap\u0131lm\u0131\u015ft\u0131r<\/strong>.<\/p>\n<\/div>\n<\/div><\/div>\n\n\n\n<div style=\"height:40px\" aria-hidden=\"true\" class=\"wp-block-spacer\"><\/div>\n\n\n\n<div class=\"wp-block-cover alignfull\" style=\"min-height:300px;aspect-ratio:unset;\"><span aria-hidden=\"true\" class=\"wp-block-cover__background has-neve-link-color-background-color has-background-dim-100 has-background-dim\"><\/span><div class=\"wp-block-cover__inner-container is-layout-flow wp-block-cover-is-layout-flow\">\n<div class=\"wp-block-columns is-layout-flex wp-container-core-columns-is-layout-9d6595d7 wp-block-columns-is-layout-flex\">\n<div class=\"wp-block-column is-layout-flow wp-block-column-is-layout-flow\" style=\"flex-basis:20%\"><\/div>\n\n\n\n<div class=\"wp-block-column is-layout-flow wp-block-column-is-layout-flow\" style=\"flex-basis:60%\">\n<div class=\"wp-block-group\"><div class=\"wp-block-group__inner-container is-layout-constrained wp-block-group-is-layout-constrained\">\n<h2 class=\"wp-block-heading has-text-align-center has-nv-text-dark-bg-color has-text-color\">Sa\u011fl\u0131kl\u0131 Di\u015fler \u0130\u00e7in Bizimle \u0130leti\u015fime Ge\u00e7in<\/h2>\n\n\n\n<div class=\"wp-block-buttons is-horizontal is-content-justification-center is-layout-flex wp-container-core-buttons-is-layout-499968f5 wp-block-buttons-is-layout-flex\">\n<div class=\"wp-block-button is-style-primary\"><a class=\"wp-block-button__link has-neve-link-color-color has-text-color has-background has-link-color wp-element-button\" href=\"https:\/\/www.btdentallab.com.tr\/index.php\/bcd31-contact-us\/\" style=\"background-color:#ffffff\" target=\"_blank\" rel=\"noreferrer noopener\">\u0130leti\u015fim<\/a><\/div>\n<\/div>\n<\/div><\/div>\n<\/div>\n\n\n\n<div class=\"wp-block-column is-layout-flow wp-block-column-is-layout-flow\" style=\"flex-basis:20%\"><\/div>\n<\/div>\n<\/div><\/div>\n\n\n\n<p><\/p>\n","protected":false},"excerpt":{"rendered":"","protected":false},"author":1,"featured_media":0,"parent":0,"menu_order":0,"comment_status":"closed","ping_status":"closed","template":"","meta":{"neve_meta_sidebar":"default","neve_meta_container":"","neve_meta_enable_content_width":"on","neve_meta_content_width":100,"neve_meta_title_alignment":"","neve_meta_author_avatar":"","neve_post_elements_order":"","neve_meta_disable_header":"","neve_meta_disable_footer":"","neve_meta_disable_title":"on","_themeisle_gutenberg_block_has_review":false,"_joinchat":[],"footnotes":"[]"},"class_list":["post-71","page","type-page","status-publish","hentry"],"_links":{"self":[{"href":"https:\/\/www.btdentallab.com.tr\/index.php\/wp-json\/wp\/v2\/pages\/71","targetHints":{"allow":["GET"]}}],"collection":[{"href":"https:\/\/www.btdentallab.com.tr\/index.php\/wp-json\/wp\/v2\/pages"}],"about":[{"href":"https:\/\/www.btdentallab.com.tr\/index.php\/wp-json\/wp\/v2\/types\/page"}],"author":[{"embeddable":true,"href":"https:\/\/www.btdentallab.com.tr\/index.php\/wp-json\/wp\/v2\/users\/1"}],"replies":[{"embeddable":true,"href":"https:\/\/www.btdentallab.com.tr\/index.php\/wp-json\/wp\/v2\/comments?post=71"}],"version-history":[{"count":20,"href":"https:\/\/www.btdentallab.com.tr\/index.php\/wp-json\/wp\/v2\/pages\/71\/revisions"}],"predecessor-version":[{"id":1127,"href":"https:\/\/www.btdentallab.com.tr\/index.php\/wp-json\/wp\/v2\/pages\/71\/revisions\/1127"}],"wp:attachment":[{"href":"https:\/\/www.btdentallab.com.tr\/index.php\/wp-json\/wp\/v2\/media?parent=71"}],"curies":[{"name":"wp","href":"https:\/\/api.w.org\/{rel}","templated":true}]}}