{"id":61,"date":"2020-01-23T18:21:52","date_gmt":"2020-01-23T18:21:52","guid":{"rendered":"https:\/\/demosites.io\/marketing-agency-gb\/?page_id=61"},"modified":"2025-03-05T21:41:18","modified_gmt":"2025-03-05T18:41:18","slug":"bcd31-about-us","status":"publish","type":"page","link":"https:\/\/www.btdentallab.com.tr\/index.php\/bcd31-about-us\/","title":{"rendered":"Biz Kimiz?"},"content":{"rendered":"\n<div class=\"wp-block-cover alignfull\" style=\"padding-top:var(--wp--preset--spacing--80);padding-bottom:var(--wp--preset--spacing--80);min-height:600px;aspect-ratio:unset;\"><span aria-hidden=\"true\" class=\"wp-block-cover__background has-nv-light-bg-background-color has-background-dim-100 has-background-dim\"><\/span><div class=\"wp-block-cover__inner-container is-layout-flow wp-block-cover-is-layout-flow\">\n<div class=\"wp-block-group\"><div class=\"wp-block-group__inner-container is-layout-flow wp-block-group-is-layout-flow\">\n<div class=\"wp-block-columns are-vertically-aligned-center has-neve-text-color-color has-text-color is-layout-flex wp-container-core-columns-is-layout-9d6595d7 wp-block-columns-is-layout-flex\">\n<div class=\"wp-block-column is-vertically-aligned-center is-layout-flow wp-block-column-is-layout-flow\" style=\"padding-right:var(--wp--preset--spacing--30);padding-left:var(--wp--preset--spacing--30);flex-basis:50%\"><div class=\"wp-block-image\">\n<figure class=\"aligncenter size-full has-custom-border\"><img loading=\"lazy\" decoding=\"async\" width=\"4501\" height=\"4500\" sizes=\"auto, (max-width: 4501px) 100vw, 4501px\" src=\"https:\/\/www.btdentallab.com.tr\/wp-content\/uploads\/2025\/02\/BTLAB-LOGO_Calisma-Yuzeyi-1-kopya.png\" alt=\"\" class=\"wp-image-1025\" style=\"border-radius:16px\" srcset=\"https:\/\/www.btdentallab.com.tr\/wp-content\/uploads\/2025\/02\/BTLAB-LOGO_Calisma-Yuzeyi-1-kopya.png 4501w, https:\/\/www.btdentallab.com.tr\/wp-content\/uploads\/2025\/02\/BTLAB-LOGO_Calisma-Yuzeyi-1-kopya-300x300.png 300w, https:\/\/www.btdentallab.com.tr\/wp-content\/uploads\/2025\/02\/BTLAB-LOGO_Calisma-Yuzeyi-1-kopya-1024x1024.png 1024w, https:\/\/www.btdentallab.com.tr\/wp-content\/uploads\/2025\/02\/BTLAB-LOGO_Calisma-Yuzeyi-1-kopya-150x150.png 150w, https:\/\/www.btdentallab.com.tr\/wp-content\/uploads\/2025\/02\/BTLAB-LOGO_Calisma-Yuzeyi-1-kopya-768x768.png 768w, https:\/\/www.btdentallab.com.tr\/wp-content\/uploads\/2025\/02\/BTLAB-LOGO_Calisma-Yuzeyi-1-kopya-1536x1536.png 1536w, https:\/\/www.btdentallab.com.tr\/wp-content\/uploads\/2025\/02\/BTLAB-LOGO_Calisma-Yuzeyi-1-kopya-2048x2048.png 2048w\" \/><\/figure>\n<\/div><\/div>\n\n\n\n<div class=\"wp-block-column is-vertically-aligned-center is-layout-flow wp-block-column-is-layout-flow\" style=\"padding-top:0;padding-right:var(--wp--preset--spacing--30);padding-bottom:0;padding-left:var(--wp--preset--spacing--30);flex-basis:50%\">\n<h2 class=\"wp-block-heading alignwide has-text-align-center\">BT DENTALLAB<\/h2>\n\n\n\n<hr class=\"wp-block-separator has-alpha-channel-opacity\"\/>\n\n\n\n<p class=\"has-neve-text-color-color has-text-color\">BT Dental Lab profesyonel ve tecr\u00fcbeli bir ekip a\u011f\u0131na sahip  laboratuvar\u0131m\u0131z da, di\u015f protez teknolojisi alan\u0131nda geni\u015f bir hizmet yelpazesi sunmaktay\u0131z.<\/p>\n\n\n\n<p>Hizmetlerimiz aras\u0131nda Metal Destekli Porselen, Lamina E-Max, Cut-Back Zirkonyum, Titanyum Bar, Titanyum Toronto, Monolitik Zirkonyum, Ge\u00e7ici Di\u015f, CAD-CAM Ge\u00e7ici, Onley-Inley, Wax-Up \u00c7al\u0131\u015fmas\u0131 ve Gece Pla\u011f\u0131\/Okluzal Splint gibi uygulamalar bulunmaktad\u0131r. Kaliteli malzeme kullan\u0131m\u0131 ve hassas i\u015f\u00e7ilik anlay\u0131\u015f\u0131 ile hastalar\u0131m\u0131z\u0131n konforu ve memnuniyetini en \u00f6n planda tutulmaktay\u0131z.<\/p>\n\n\n\n<p class=\"has-neve-text-color-color has-text-color\">BT Dental Lab olarak, sekt\u00f6rdeki yenilikleri yak\u0131ndan takip ederek en g\u00fcncel teknolojileri kullan\u0131yor ve her ge\u00e7en g\u00fcn kendimizi geli\u015ftirmeye devam ediyoruz. G\u00fcvenilir, estetik ve fonksiyonel \u00e7\u00f6z\u00fcmler sunarak di\u015f hekimleri ve hastalar\u0131m\u0131za en iyi hizmeti sa\u011flamak i\u00e7in \u00e7al\u0131\u015f\u0131yoruz.<\/p>\n<\/div>\n<\/div>\n<\/div><\/div>\n<\/div><\/div>\n","protected":false},"excerpt":{"rendered":"","protected":false},"author":1,"featured_media":0,"parent":0,"menu_order":0,"comment_status":"closed","ping_status":"closed","template":"","meta":{"neve_meta_sidebar":"default","neve_meta_container":"default","neve_meta_enable_content_width":"on","neve_meta_content_width":100,"neve_meta_title_alignment":"","neve_meta_author_avatar":"","neve_post_elements_order":"","neve_meta_disable_header":"","neve_meta_disable_footer":"","neve_meta_disable_title":"on","_themeisle_gutenberg_block_has_review":false,"_joinchat":[],"footnotes":""},"class_list":["post-61","page","type-page","status-publish","hentry"],"_links":{"self":[{"href":"https:\/\/www.btdentallab.com.tr\/index.php\/wp-json\/wp\/v2\/pages\/61","targetHints":{"allow":["GET"]}}],"collection":[{"href":"https:\/\/www.btdentallab.com.tr\/index.php\/wp-json\/wp\/v2\/pages"}],"about":[{"href":"https:\/\/www.btdentallab.com.tr\/index.php\/wp-json\/wp\/v2\/types\/page"}],"author":[{"embeddable":true,"href":"https:\/\/www.btdentallab.com.tr\/index.php\/wp-json\/wp\/v2\/users\/1"}],"replies":[{"embeddable":true,"href":"https:\/\/www.btdentallab.com.tr\/index.php\/wp-json\/wp\/v2\/comments?post=61"}],"version-history":[{"count":13,"href":"https:\/\/www.btdentallab.com.tr\/index.php\/wp-json\/wp\/v2\/pages\/61\/revisions"}],"predecessor-version":[{"id":1095,"href":"https:\/\/www.btdentallab.com.tr\/index.php\/wp-json\/wp\/v2\/pages\/61\/revisions\/1095"}],"wp:attachment":[{"href":"https:\/\/www.btdentallab.com.tr\/index.php\/wp-json\/wp\/v2\/media?parent=61"}],"curies":[{"name":"wp","href":"https:\/\/api.w.org\/{rel}","templated":true}]}}