{"id":2,"date":"2025-01-31T15:48:07","date_gmt":"2025-01-31T12:48:07","guid":{"rendered":"http:\/\/www.btdentallab.com.tr\/?page_id=2"},"modified":"2025-03-08T15:06:12","modified_gmt":"2025-03-08T12:06:12","slug":"bcd31-our-solution-partners","status":"publish","type":"page","link":"https:\/\/www.btdentallab.com.tr\/index.php\/bcd31-our-solution-partners\/","title":{"rendered":""},"content":{"rendered":"\n<div class=\"wp-block-cover alignfull\" style=\"min-height:320px;aspect-ratio:unset;\"><span aria-hidden=\"true\" class=\"wp-block-cover__background has-nv-site-bg-background-color has-background-dim-100 has-background-dim\"><\/span><div class=\"wp-block-cover__inner-container is-layout-flow wp-block-cover-is-layout-flow\">\n<div class=\"wp-block-group\" style=\"padding-right:var(--wp--preset--spacing--30);padding-left:var(--wp--preset--spacing--30)\"><div class=\"wp-block-group__inner-container is-layout-flow wp-block-group-is-layout-flow\">\n<div class=\"wp-block-columns are-vertically-aligned-center is-layout-flex wp-container-core-columns-is-layout-9d6595d7 wp-block-columns-is-layout-flex\">\n<div class=\"wp-block-column is-vertically-aligned-center is-layout-flow wp-block-column-is-layout-flow\">\n<h2 class=\"wp-block-heading alignwide has-text-align-center has-nv-dark-bg-color has-text-color has-link-color wp-elements-373057174d144dc691d046dd600e7864\">\u00c7\u00d6Z\u00dcM ORTAKLARIMIZ<\/h2>\n<\/div>\n<\/div>\n<\/div><\/div>\n<\/div><\/div>\n\n\n\n<div class=\"wp-block-columns is-layout-flex wp-container-core-columns-is-layout-9d6595d7 wp-block-columns-is-layout-flex\">\n<div class=\"wp-block-column is-layout-flow wp-block-column-is-layout-flow\">\n<div class=\"wp-block-columns is-layout-flex wp-container-core-columns-is-layout-9d6595d7 wp-block-columns-is-layout-flex\">\n<div class=\"wp-block-column is-vertically-aligned-center is-layout-flow wp-block-column-is-layout-flow\"><div class=\"wp-block-image\">\n<figure class=\"aligncenter size-full\"><img data-dominant-color=\"fdeaf1\" data-has-transparency=\"false\" style=\"--dominant-color: #fdeaf1;\" loading=\"lazy\" decoding=\"async\" width=\"225\" height=\"225\" sizes=\"auto, (max-width: 225px) 100vw, 225px\" src=\"https:\/\/www.btdentallab.com.tr\/wp-content\/uploads\/2025\/03\/vita.webp\" alt=\"\" class=\"wp-image-1124 not-transparent\" srcset=\"https:\/\/www.btdentallab.com.tr\/wp-content\/uploads\/2025\/03\/vita.webp 225w, https:\/\/www.btdentallab.com.tr\/wp-content\/uploads\/2025\/03\/vita-150x150.webp 150w\" \/><\/figure>\n<\/div><\/div>\n\n\n\n<div class=\"wp-block-column is-vertically-aligned-center is-layout-flow wp-block-column-is-layout-flow\"><div class=\"wp-block-image\">\n<figure class=\"aligncenter size-full\"><img data-dominant-color=\"ece2e0\" data-has-transparency=\"false\" style=\"--dominant-color: #ece2e0;\" loading=\"lazy\" decoding=\"async\" width=\"225\" height=\"225\" sizes=\"auto, (max-width: 225px) 100vw, 225px\" src=\"https:\/\/www.btdentallab.com.tr\/wp-content\/uploads\/2025\/03\/Arum.webp\" alt=\"\" class=\"wp-image-1115 not-transparent\" srcset=\"https:\/\/www.btdentallab.com.tr\/wp-content\/uploads\/2025\/03\/Arum.webp 225w, https:\/\/www.btdentallab.com.tr\/wp-content\/uploads\/2025\/03\/Arum-150x150.webp 150w\" \/><\/figure>\n<\/div><\/div>\n\n\n\n<div class=\"wp-block-column is-vertically-aligned-center is-layout-flow wp-block-column-is-layout-flow\"><div class=\"wp-block-image\">\n<figure class=\"aligncenter size-full\"><img data-dominant-color=\"ebe9f1\" data-has-transparency=\"false\" style=\"--dominant-color: #ebe9f1;\" loading=\"lazy\" decoding=\"async\" width=\"225\" height=\"225\" sizes=\"auto, (max-width: 225px) 100vw, 225px\" src=\"https:\/\/www.btdentallab.com.tr\/wp-content\/uploads\/2025\/03\/exocad-1.webp\" alt=\"\" class=\"wp-image-1116 not-transparent\" srcset=\"https:\/\/www.btdentallab.com.tr\/wp-content\/uploads\/2025\/03\/exocad-1.webp 225w, https:\/\/www.btdentallab.com.tr\/wp-content\/uploads\/2025\/03\/exocad-1-150x150.webp 150w\" \/><\/figure>\n<\/div><\/div>\n\n\n\n<div class=\"wp-block-column is-vertically-aligned-center is-layout-flow wp-block-column-is-layout-flow\">\n<figure class=\"wp-block-image size-full\"><img data-dominant-color=\"e8f4f1\" data-has-transparency=\"false\" style=\"--dominant-color: #e8f4f1;\" loading=\"lazy\" decoding=\"async\" width=\"225\" height=\"225\" sizes=\"auto, (max-width: 225px) 100vw, 225px\" src=\"https:\/\/www.btdentallab.com.tr\/wp-content\/uploads\/2025\/03\/gc.webp\" alt=\"\" class=\"wp-image-1117 not-transparent\" srcset=\"https:\/\/www.btdentallab.com.tr\/wp-content\/uploads\/2025\/03\/gc.webp 225w, https:\/\/www.btdentallab.com.tr\/wp-content\/uploads\/2025\/03\/gc-150x150.webp 150w\" \/><\/figure>\n<\/div>\n<\/div>\n<\/div>\n<\/div>\n\n\n\n<div class=\"wp-block-columns is-layout-flex wp-container-core-columns-is-layout-9d6595d7 wp-block-columns-is-layout-flex\">\n<div class=\"wp-block-column is-layout-flow wp-block-column-is-layout-flow\">\n<div class=\"wp-block-columns is-layout-flex wp-container-core-columns-is-layout-9d6595d7 wp-block-columns-is-layout-flex\">\n<div class=\"wp-block-column is-vertically-aligned-center is-layout-flow wp-block-column-is-layout-flow\"><div class=\"wp-block-image\">\n<figure class=\"aligncenter size-full\"><img data-dominant-color=\"e5ebf3\" data-has-transparency=\"false\" style=\"--dominant-color: #e5ebf3;\" loading=\"lazy\" decoding=\"async\" width=\"225\" height=\"225\" sizes=\"auto, (max-width: 225px) 100vw, 225px\" src=\"https:\/\/www.btdentallab.com.tr\/wp-content\/uploads\/2025\/03\/ivoclar.webp\" alt=\"\" class=\"wp-image-1118 not-transparent\" srcset=\"https:\/\/www.btdentallab.com.tr\/wp-content\/uploads\/2025\/03\/ivoclar.webp 225w, https:\/\/www.btdentallab.com.tr\/wp-content\/uploads\/2025\/03\/ivoclar-150x150.webp 150w\" \/><\/figure>\n<\/div><\/div>\n\n\n\n<div class=\"wp-block-column is-vertically-aligned-center is-layout-flow wp-block-column-is-layout-flow\"><div class=\"wp-block-image\">\n<figure class=\"aligncenter size-full\"><img data-dominant-color=\"ebf1f5\" data-has-transparency=\"false\" style=\"--dominant-color: #ebf1f5;\" loading=\"lazy\" decoding=\"async\" width=\"225\" height=\"225\" sizes=\"auto, (max-width: 225px) 100vw, 225px\" src=\"https:\/\/www.btdentallab.com.tr\/wp-content\/uploads\/2025\/03\/noritake.webp\" alt=\"\" class=\"wp-image-1119 not-transparent\" srcset=\"https:\/\/www.btdentallab.com.tr\/wp-content\/uploads\/2025\/03\/noritake.webp 225w, https:\/\/www.btdentallab.com.tr\/wp-content\/uploads\/2025\/03\/noritake-150x150.webp 150w\" \/><\/figure>\n<\/div><\/div>\n\n\n\n<div class=\"wp-block-column is-vertically-aligned-center is-layout-flow wp-block-column-is-layout-flow\"><div class=\"wp-block-image\">\n<figure class=\"aligncenter size-full\"><img data-dominant-color=\"fcebed\" data-has-transparency=\"false\" style=\"--dominant-color: #fcebed;\" loading=\"lazy\" decoding=\"async\" width=\"225\" height=\"225\" sizes=\"auto, (max-width: 225px) 100vw, 225px\" src=\"https:\/\/www.btdentallab.com.tr\/wp-content\/uploads\/2025\/03\/redon.webp\" alt=\"\" class=\"wp-image-1120 not-transparent\" srcset=\"https:\/\/www.btdentallab.com.tr\/wp-content\/uploads\/2025\/03\/redon.webp 225w, https:\/\/www.btdentallab.com.tr\/wp-content\/uploads\/2025\/03\/redon-150x150.webp 150w\" \/><\/figure>\n<\/div><\/div>\n\n\n\n<div class=\"wp-block-column is-vertically-aligned-center is-layout-flow wp-block-column-is-layout-flow\">\n<figure class=\"wp-block-image size-full\"><img data-dominant-color=\"f8dce1\" data-has-transparency=\"false\" style=\"--dominant-color: #f8dce1;\" loading=\"lazy\" decoding=\"async\" width=\"225\" height=\"225\" sizes=\"auto, (max-width: 225px) 100vw, 225px\" src=\"https:\/\/www.btdentallab.com.tr\/wp-content\/uploads\/2025\/03\/renfert.webp\" alt=\"\" class=\"wp-image-1121 not-transparent\" srcset=\"https:\/\/www.btdentallab.com.tr\/wp-content\/uploads\/2025\/03\/renfert.webp 225w, https:\/\/www.btdentallab.com.tr\/wp-content\/uploads\/2025\/03\/renfert-150x150.webp 150w\" \/><\/figure>\n<\/div>\n<\/div>\n<\/div>\n<\/div>\n\n\n\n<div class=\"wp-block-columns is-layout-flex wp-container-core-columns-is-layout-9d6595d7 wp-block-columns-is-layout-flex\">\n<div class=\"wp-block-column is-layout-flow wp-block-column-is-layout-flow\">\n<div class=\"wp-block-columns is-layout-flex wp-container-core-columns-is-layout-9d6595d7 wp-block-columns-is-layout-flex\">\n<div class=\"wp-block-column is-vertically-aligned-center is-layout-flow wp-block-column-is-layout-flow\"><div class=\"wp-block-image\">\n<figure class=\"aligncenter size-full\"><img data-dominant-color=\"f2f0f2\" data-has-transparency=\"false\" style=\"--dominant-color: #f2f0f2;\" loading=\"lazy\" decoding=\"async\" width=\"225\" height=\"225\" sizes=\"auto, (max-width: 225px) 100vw, 225px\" src=\"https:\/\/www.btdentallab.com.tr\/wp-content\/uploads\/2025\/03\/smart-optics.webp\" alt=\"\" class=\"wp-image-1122 not-transparent\" srcset=\"https:\/\/www.btdentallab.com.tr\/wp-content\/uploads\/2025\/03\/smart-optics.webp 225w, https:\/\/www.btdentallab.com.tr\/wp-content\/uploads\/2025\/03\/smart-optics-150x150.webp 150w\" \/><\/figure>\n<\/div><\/div>\n\n\n\n<div class=\"wp-block-column is-vertically-aligned-center is-layout-flow wp-block-column-is-layout-flow\"><div class=\"wp-block-image\">\n<figure class=\"aligncenter size-full\"><img data-dominant-color=\"ebebf4\" data-has-transparency=\"false\" style=\"--dominant-color: #ebebf4;\" loading=\"lazy\" decoding=\"async\" width=\"225\" height=\"225\" sizes=\"auto, (max-width: 225px) 100vw, 225px\" src=\"https:\/\/www.btdentallab.com.tr\/wp-content\/uploads\/2025\/03\/soprano.webp\" alt=\"\" class=\"wp-image-1123 not-transparent\" srcset=\"https:\/\/www.btdentallab.com.tr\/wp-content\/uploads\/2025\/03\/soprano.webp 225w, https:\/\/www.btdentallab.com.tr\/wp-content\/uploads\/2025\/03\/soprano-150x150.webp 150w\" \/><\/figure>\n<\/div><\/div>\n\n\n\n<div class=\"wp-block-column is-vertically-aligned-center is-layout-flow wp-block-column-is-layout-flow\"><div class=\"wp-block-image\">\n<figure class=\"aligncenter size-full\"><img data-dominant-color=\"f4f4f4\" data-has-transparency=\"false\" style=\"--dominant-color: #f4f4f4;\" loading=\"lazy\" decoding=\"async\" width=\"225\" height=\"225\" sizes=\"auto, (max-width: 225px) 100vw, 225px\" src=\"https:\/\/www.btdentallab.com.tr\/wp-content\/uploads\/2025\/03\/bredent-1.webp\" alt=\"\" class=\"wp-image-1114 not-transparent\" srcset=\"https:\/\/www.btdentallab.com.tr\/wp-content\/uploads\/2025\/03\/bredent-1.webp 225w, https:\/\/www.btdentallab.com.tr\/wp-content\/uploads\/2025\/03\/bredent-1-150x150.webp 150w\" \/><\/figure>\n<\/div><\/div>\n\n\n\n<div class=\"wp-block-column is-vertically-aligned-center is-layout-flow wp-block-column-is-layout-flow\"><\/div>\n<\/div>\n<\/div>\n<\/div>\n","protected":false},"excerpt":{"rendered":"","protected":false},"author":1,"featured_media":0,"parent":0,"menu_order":0,"comment_status":"closed","ping_status":"closed","template":"","meta":{"neve_meta_sidebar":"","neve_meta_container":"","neve_meta_enable_content_width":"","neve_meta_content_width":0,"neve_meta_title_alignment":"","neve_meta_author_avatar":"","neve_post_elements_order":"","neve_meta_disable_header":"","neve_meta_disable_footer":"","neve_meta_disable_title":"","_themeisle_gutenberg_block_has_review":false,"_joinchat":[],"footnotes":""},"class_list":["post-2","page","type-page","status-publish","hentry"],"_links":{"self":[{"href":"https:\/\/www.btdentallab.com.tr\/index.php\/wp-json\/wp\/v2\/pages\/2","targetHints":{"allow":["GET"]}}],"collection":[{"href":"https:\/\/www.btdentallab.com.tr\/index.php\/wp-json\/wp\/v2\/pages"}],"about":[{"href":"https:\/\/www.btdentallab.com.tr\/index.php\/wp-json\/wp\/v2\/types\/page"}],"author":[{"embeddable":true,"href":"https:\/\/www.btdentallab.com.tr\/index.php\/wp-json\/wp\/v2\/users\/1"}],"replies":[{"embeddable":true,"href":"https:\/\/www.btdentallab.com.tr\/index.php\/wp-json\/wp\/v2\/comments?post=2"}],"version-history":[{"count":8,"href":"https:\/\/www.btdentallab.com.tr\/index.php\/wp-json\/wp\/v2\/pages\/2\/revisions"}],"predecessor-version":[{"id":1163,"href":"https:\/\/www.btdentallab.com.tr\/index.php\/wp-json\/wp\/v2\/pages\/2\/revisions\/1163"}],"wp:attachment":[{"href":"https:\/\/www.btdentallab.com.tr\/index.php\/wp-json\/wp\/v2\/media?parent=2"}],"curies":[{"name":"wp","href":"https:\/\/api.w.org\/{rel}","templated":true}]}}